{"id":18,"date":"2025-07-30T00:14:41","date_gmt":"2025-07-29T22:14:41","guid":{"rendered":"https:\/\/www.uruservice.com\/cl\/?page_id=18"},"modified":"2025-12-06T17:34:25","modified_gmt":"2025-12-06T16:34:25","slug":"home","status":"publish","type":"page","link":"https:\/\/www.uruservice.com\/cl\/","title":{"rendered":"Soluciones t\u00e9cnicas confiables para hogares y negocios"},"content":{"rendered":"<p data-start=\"\" data-end=\"\">En <strong data-start=\"\" data-end=\"\">UruService<\/strong> entendemos que las emergencias en el hogar o en tu comercio no pueden esperar. Por eso, ponemos a tu disposici\u00f3n un equipo multidisciplinario de t\u00e9cnicos especializados, listos para actuar con rapidez, eficacia y responsabilidad.<\/p>\n<p data-start=\"\" data-end=\"\">Desde una fuga de agua en la madrugada hasta una puerta que no abre o un aire acondicionado que dej\u00f3 de funcionar en pleno verano, nuestros profesionales est\u00e1n preparados para brindarte una soluci\u00f3n inmediata y duradera.<\/p>\n<p data-start=\"\" data-end=\"\">Trabajamos con valores claros: puntualidad, transparencia y compromiso con la calidad. Nuestro servicio est\u00e1 disponible los 7 d\u00edas de la semana y se adapta a las necesidades de cada cliente, tanto en intervenciones urgentes como en trabajos programados.<\/p>\n<p data-start=\"\" data-end=\"\"><strong data-start=\"\" data-end=\"\">\u00bfQu\u00e9 nos hace diferentes?<\/strong><\/p>\n<ul data-start=\"\" data-end=\"\">\n<li data-start=\"\" data-end=\"\">\n<p data-start=\"\" data-end=\"\">Atenci\u00f3n r\u00e1pida y personalizada<\/p>\n<\/li>\n<li data-start=\"\" data-end=\"\">\n<p data-start=\"\" data-end=\"\">T\u00e9cnicos verificados con amplia experiencia<\/p>\n<\/li>\n<li data-start=\"\" data-end=\"\">\n<p data-start=\"\" data-end=\"\">Presupuestos claros y sin sorpresas<\/p>\n<\/li>\n<li data-start=\"\" data-end=\"\">\n<p data-start=\"\" data-end=\"\">Intervenciones garantizadas<\/p>\n<\/li>\n<li data-start=\"\" data-end=\"\">\n<p data-start=\"\" data-end=\"\">Cobertura local y regional<\/p>\n<\/li>\n<\/ul>\n<p data-start=\"\" data-end=\"\">En <strong data-start=\"\" data-end=\"\">UruService<\/strong>, convertimos los imprevistos en soluciones, para que sigas con tu d\u00eda sin preocupaciones.<\/p>\n","protected":false},"excerpt":{"rendered":"<p>En UruService entendemos que las emergencias en el hogar o en tu comercio no pueden esperar. Por eso, ponemos a tu disposici\u00f3n un equipo multidisciplinario de t\u00e9cnicos especializados, listos para actuar con rapidez, eficacia y responsabilidad. Desde una fuga de agua en la madrugada hasta una puerta que no abre o un aire acondicionado que [&hellip;]<\/p>\n","protected":false},"author":1,"featured_media":184,"parent":0,"menu_order":0,"comment_status":"closed","ping_status":"closed","template":"","meta":{"footnotes":""},"class_list":["post-18","page","type-page","status-publish","has-post-thumbnail","hentry"],"blocksy_meta":[],"yoast_head":"<!-- This site is optimized with the Yoast SEO plugin v27.1.1 - https:\/\/yoast.com\/product\/yoast-seo-wordpress\/ -->\n<title>Soluciones t\u00e9cnicas confiables para hogares y negocios | UruService<\/title>\n<meta name=\"description\" content=\"Servicios t\u00e9cnicos para el hogar y empresas. Plomeros, electricistas, cerrajeros y m\u00e1s. Atenci\u00f3n urgente y profesional.\" \/>\n<meta name=\"robots\" content=\"index, follow, max-snippet:-1, max-image-preview:large, max-video-preview:-1\" \/>\n<link rel=\"canonical\" href=\"https:\/\/www.uruservice.com\/cl\/\" \/>\n<meta property=\"og:locale\" content=\"es_ES\" \/>\n<meta property=\"og:type\" content=\"article\" \/>\n<meta property=\"og:title\" content=\"Soluciones t\u00e9cnicas confiables para hogares y negocios | UruService\" \/>\n<meta property=\"og:description\" content=\"Servicios t\u00e9cnicos para el hogar y empresas. Plomeros, electricistas, cerrajeros y m\u00e1s. Atenci\u00f3n urgente y profesional.\" \/>\n<meta property=\"og:url\" content=\"https:\/\/www.uruservice.com\/cl\/\" \/>\n<meta property=\"og:site_name\" content=\"Chile\" \/>\n<meta property=\"article:modified_time\" content=\"2025-12-06T16:34:25+00:00\" \/>\n<meta property=\"og:image\" content=\"https:\/\/www.uruservice.com\/cl\/wp-content\/uploads\/sites\/58\/2025\/07\/URUSERVICE_HOME.webp\" \/>\n\t<meta property=\"og:image:width\" content=\"1023\" \/>\n\t<meta property=\"og:image:height\" content=\"533\" \/>\n\t<meta property=\"og:image:type\" content=\"image\/webp\" \/>\n<meta name=\"twitter:card\" content=\"summary_large_image\" \/>\n<meta name=\"twitter:label1\" content=\"Tiempo de lectura\" \/>\n\t<meta name=\"twitter:data1\" content=\"1 minuto\" \/>\n<script type=\"application\/ld+json\" class=\"yoast-schema-graph\">{\"@context\":\"https:\/\/schema.org\",\"@graph\":[{\"@type\":\"WebPage\",\"@id\":\"https:\/\/www.uruservice.com\/cl\/\",\"url\":\"https:\/\/www.uruservice.com\/cl\/\",\"name\":\"Soluciones t\u00e9cnicas confiables para hogares y negocios | UruService\",\"isPartOf\":{\"@id\":\"https:\/\/www.uruservice.com\/cl\/#website\"},\"primaryImageOfPage\":{\"@id\":\"https:\/\/www.uruservice.com\/cl\/#primaryimage\"},\"image\":{\"@id\":\"https:\/\/www.uruservice.com\/cl\/#primaryimage\"},\"thumbnailUrl\":\"https:\/\/www.uruservice.com\/cl\/wp-content\/uploads\/sites\/58\/2025\/07\/URUSERVICE_HOME.webp\",\"datePublished\":\"2025-07-29T22:14:41+00:00\",\"dateModified\":\"2025-12-06T16:34:25+00:00\",\"description\":\"Servicios t\u00e9cnicos para el hogar y empresas. Plomeros, electricistas, cerrajeros y m\u00e1s. Atenci\u00f3n urgente y profesional.\",\"breadcrumb\":{\"@id\":\"https:\/\/www.uruservice.com\/cl\/#breadcrumb\"},\"inLanguage\":\"es\",\"potentialAction\":[{\"@type\":\"ReadAction\",\"target\":[\"https:\/\/www.uruservice.com\/cl\/\"]}]},{\"@type\":\"ImageObject\",\"inLanguage\":\"es\",\"@id\":\"https:\/\/www.uruservice.com\/cl\/#primaryimage\",\"url\":\"https:\/\/www.uruservice.com\/cl\/wp-content\/uploads\/sites\/58\/2025\/07\/URUSERVICE_HOME.webp\",\"contentUrl\":\"https:\/\/www.uruservice.com\/cl\/wp-content\/uploads\/sites\/58\/2025\/07\/URUSERVICE_HOME.webp\",\"width\":1023,\"height\":533,\"caption\":\"UruService: reparaciones urgentes y no urgentes\"},{\"@type\":\"BreadcrumbList\",\"@id\":\"https:\/\/www.uruservice.com\/cl\/#breadcrumb\",\"itemListElement\":[{\"@type\":\"ListItem\",\"position\":1,\"name\":\"Portada\",\"item\":\"https:\/\/www.uruservice.com\/cl\/\"},{\"@type\":\"ListItem\",\"position\":2,\"name\":\"Soluciones t\u00e9cnicas confiables para hogares y negocios\"}]},{\"@type\":\"WebSite\",\"@id\":\"https:\/\/www.uruservice.com\/cl\/#website\",\"url\":\"https:\/\/www.uruservice.com\/cl\/\",\"name\":\"Chile\",\"description\":\"\",\"publisher\":{\"@id\":\"https:\/\/www.uruservice.com\/cl\/#\/schema\/person\/31d96ea0e6c72ae23ec4f725e949fdab\"},\"potentialAction\":[{\"@type\":\"SearchAction\",\"target\":{\"@type\":\"EntryPoint\",\"urlTemplate\":\"https:\/\/www.uruservice.com\/cl\/?s={search_term_string}\"},\"query-input\":{\"@type\":\"PropertyValueSpecification\",\"valueRequired\":true,\"valueName\":\"search_term_string\"}}],\"inLanguage\":\"es\"},{\"@type\":[\"Person\",\"Organization\"],\"@id\":\"https:\/\/www.uruservice.com\/cl\/#\/schema\/person\/31d96ea0e6c72ae23ec4f725e949fdab\",\"name\":\"madindio\",\"image\":{\"@type\":\"ImageObject\",\"inLanguage\":\"es\",\"@id\":\"https:\/\/www.uruservice.com\/cl\/#\/schema\/person\/image\/\",\"url\":\"https:\/\/www.uruservice.com\/cl\/wp-content\/uploads\/sites\/58\/2025\/07\/UruService_LOGO.webp\",\"contentUrl\":\"https:\/\/www.uruservice.com\/cl\/wp-content\/uploads\/sites\/58\/2025\/07\/UruService_LOGO.webp\",\"width\":768,\"height\":203,\"caption\":\"madindio\"},\"logo\":{\"@id\":\"https:\/\/www.uruservice.com\/cl\/#\/schema\/person\/image\/\"},\"sameAs\":[\"https:\/\/www.uruservice.com\"]}]}<\/script>\n<!-- \/ Yoast SEO plugin. -->","yoast_head_json":{"title":"Soluciones t\u00e9cnicas confiables para hogares y negocios | UruService","description":"Servicios t\u00e9cnicos para el hogar y empresas. Plomeros, electricistas, cerrajeros y m\u00e1s. Atenci\u00f3n urgente y profesional.","robots":{"index":"index","follow":"follow","max-snippet":"max-snippet:-1","max-image-preview":"max-image-preview:large","max-video-preview":"max-video-preview:-1"},"canonical":"https:\/\/www.uruservice.com\/cl\/","og_locale":"es_ES","og_type":"article","og_title":"Soluciones t\u00e9cnicas confiables para hogares y negocios | UruService","og_description":"Servicios t\u00e9cnicos para el hogar y empresas. Plomeros, electricistas, cerrajeros y m\u00e1s. Atenci\u00f3n urgente y profesional.","og_url":"https:\/\/www.uruservice.com\/cl\/","og_site_name":"Chile","article_modified_time":"2025-12-06T16:34:25+00:00","og_image":[{"width":1023,"height":533,"url":"https:\/\/www.uruservice.com\/cl\/wp-content\/uploads\/sites\/58\/2025\/07\/URUSERVICE_HOME.webp","type":"image\/webp"}],"twitter_card":"summary_large_image","twitter_misc":{"Tiempo de lectura":"1 minuto"},"schema":{"@context":"https:\/\/schema.org","@graph":[{"@type":"WebPage","@id":"https:\/\/www.uruservice.com\/cl\/","url":"https:\/\/www.uruservice.com\/cl\/","name":"Soluciones t\u00e9cnicas confiables para hogares y negocios | UruService","isPartOf":{"@id":"https:\/\/www.uruservice.com\/cl\/#website"},"primaryImageOfPage":{"@id":"https:\/\/www.uruservice.com\/cl\/#primaryimage"},"image":{"@id":"https:\/\/www.uruservice.com\/cl\/#primaryimage"},"thumbnailUrl":"https:\/\/www.uruservice.com\/cl\/wp-content\/uploads\/sites\/58\/2025\/07\/URUSERVICE_HOME.webp","datePublished":"2025-07-29T22:14:41+00:00","dateModified":"2025-12-06T16:34:25+00:00","description":"Servicios t\u00e9cnicos para el hogar y empresas. Plomeros, electricistas, cerrajeros y m\u00e1s. Atenci\u00f3n urgente y profesional.","breadcrumb":{"@id":"https:\/\/www.uruservice.com\/cl\/#breadcrumb"},"inLanguage":"es","potentialAction":[{"@type":"ReadAction","target":["https:\/\/www.uruservice.com\/cl\/"]}]},{"@type":"ImageObject","inLanguage":"es","@id":"https:\/\/www.uruservice.com\/cl\/#primaryimage","url":"https:\/\/www.uruservice.com\/cl\/wp-content\/uploads\/sites\/58\/2025\/07\/URUSERVICE_HOME.webp","contentUrl":"https:\/\/www.uruservice.com\/cl\/wp-content\/uploads\/sites\/58\/2025\/07\/URUSERVICE_HOME.webp","width":1023,"height":533,"caption":"UruService: reparaciones urgentes y no urgentes"},{"@type":"BreadcrumbList","@id":"https:\/\/www.uruservice.com\/cl\/#breadcrumb","itemListElement":[{"@type":"ListItem","position":1,"name":"Portada","item":"https:\/\/www.uruservice.com\/cl\/"},{"@type":"ListItem","position":2,"name":"Soluciones t\u00e9cnicas confiables para hogares y negocios"}]},{"@type":"WebSite","@id":"https:\/\/www.uruservice.com\/cl\/#website","url":"https:\/\/www.uruservice.com\/cl\/","name":"Chile","description":"","publisher":{"@id":"https:\/\/www.uruservice.com\/cl\/#\/schema\/person\/31d96ea0e6c72ae23ec4f725e949fdab"},"potentialAction":[{"@type":"SearchAction","target":{"@type":"EntryPoint","urlTemplate":"https:\/\/www.uruservice.com\/cl\/?s={search_term_string}"},"query-input":{"@type":"PropertyValueSpecification","valueRequired":true,"valueName":"search_term_string"}}],"inLanguage":"es"},{"@type":["Person","Organization"],"@id":"https:\/\/www.uruservice.com\/cl\/#\/schema\/person\/31d96ea0e6c72ae23ec4f725e949fdab","name":"madindio","image":{"@type":"ImageObject","inLanguage":"es","@id":"https:\/\/www.uruservice.com\/cl\/#\/schema\/person\/image\/","url":"https:\/\/www.uruservice.com\/cl\/wp-content\/uploads\/sites\/58\/2025\/07\/UruService_LOGO.webp","contentUrl":"https:\/\/www.uruservice.com\/cl\/wp-content\/uploads\/sites\/58\/2025\/07\/UruService_LOGO.webp","width":768,"height":203,"caption":"madindio"},"logo":{"@id":"https:\/\/www.uruservice.com\/cl\/#\/schema\/person\/image\/"},"sameAs":["https:\/\/www.uruservice.com"]}]}},"_links":{"self":[{"href":"https:\/\/www.uruservice.com\/cl\/wp-json\/wp\/v2\/pages\/18","targetHints":{"allow":["GET"]}}],"collection":[{"href":"https:\/\/www.uruservice.com\/cl\/wp-json\/wp\/v2\/pages"}],"about":[{"href":"https:\/\/www.uruservice.com\/cl\/wp-json\/wp\/v2\/types\/page"}],"author":[{"embeddable":true,"href":"https:\/\/www.uruservice.com\/cl\/wp-json\/wp\/v2\/users\/1"}],"replies":[{"embeddable":true,"href":"https:\/\/www.uruservice.com\/cl\/wp-json\/wp\/v2\/comments?post=18"}],"version-history":[{"count":4,"href":"https:\/\/www.uruservice.com\/cl\/wp-json\/wp\/v2\/pages\/18\/revisions"}],"predecessor-version":[{"id":211,"href":"https:\/\/www.uruservice.com\/cl\/wp-json\/wp\/v2\/pages\/18\/revisions\/211"}],"wp:featuredmedia":[{"embeddable":true,"href":"https:\/\/www.uruservice.com\/cl\/wp-json\/wp\/v2\/media\/184"}],"wp:attachment":[{"href":"https:\/\/www.uruservice.com\/cl\/wp-json\/wp\/v2\/media?parent=18"}],"curies":[{"name":"wp","href":"https:\/\/api.w.org\/{rel}","templated":true}]}}