{"id":25,"date":"2025-07-30T00:24:56","date_gmt":"2025-07-29T22:24:56","guid":{"rendered":"https:\/\/www.uruservice.com\/cl\/?page_id=25"},"modified":"2025-07-30T10:21:35","modified_gmt":"2025-07-30T08:21:35","slug":"contacto","status":"publish","type":"page","link":"https:\/\/www.uruservice.com\/cl\/contacto\/","title":{"rendered":"Contacto"},"content":{"rendered":"<p style=\"text-align: center;\"><style id=\"wpforms-css-vars-123\">\n\t\t\t\t#wpforms-123 {\n\t\t\t\t\n\t\t\t}\n\t\t\t<\/style><div class=\"wpforms-container wpforms-container-full wpforms-render-modern\" id=\"wpforms-123\"><form id=\"wpforms-form-123\" class=\"wpforms-validate wpforms-form wpforms-ajax-form\" data-formid=\"123\" method=\"post\" enctype=\"multipart\/form-data\" action=\"\/cl\/wp-json\/wp\/v2\/pages\/25\" data-token=\"c9eeb92815ebbbb1cbe4c02ea445b1b6\" data-token-time=\"1776387760\"><noscript class=\"wpforms-error-noscript\">Por favor, activa JavaScript en tu navegador para completar este formulario.<\/noscript><div id=\"wpforms-error-noscript\" style=\"display: none;\">Por favor, activa JavaScript en tu navegador para completar este formulario.<\/div><div class=\"wpforms-field-container\"><div id=\"wpforms-123-field_1-container\" class=\"wpforms-field wpforms-field-name\" data-field-id=\"1\"><fieldset><legend class=\"wpforms-field-label\">Nombre <span class=\"wpforms-required-label\" aria-hidden=\"true\">*<\/span><\/legend><div class=\"wpforms-field-row wpforms-field-medium\"><div class=\"wpforms-field-row-block wpforms-first wpforms-one-half\"><input type=\"text\" id=\"wpforms-123-field_1\" class=\"wpforms-field-name-first wpforms-field-required\" name=\"wpforms[fields][1][first]\" aria-errormessage=\"wpforms-123-field_1-error\" required><label for=\"wpforms-123-field_1\" class=\"wpforms-field-sublabel after\">Nombre<\/label><\/div><div class=\"wpforms-field-row-block wpforms-one-half\"><input type=\"text\" id=\"wpforms-123-field_1-last\" class=\"wpforms-field-name-last wpforms-field-required\" name=\"wpforms[fields][1][last]\" aria-errormessage=\"wpforms-123-field_1-last-error\" required><label for=\"wpforms-123-field_1-last\" class=\"wpforms-field-sublabel after\">Apellidos<\/label><\/div><\/div><\/fieldset><\/div>\t\t<div id=\"wpforms-123-field_4-container\"\n\t\t\tclass=\"wpforms-field wpforms-field-text\"\n\t\t\tdata-field-type=\"text\"\n\t\t\tdata-field-id=\"4\"\n\t\t\t>\n\t\t\t<label class=\"wpforms-field-label\" for=\"wpforms-123-field_4\" >Correo mensaje Comentario<\/label>\n\t\t\t<input type=\"text\" id=\"wpforms-123-field_4\" class=\"wpforms-field-medium\" name=\"wpforms[fields][4]\" >\n\t\t<\/div>\n\t\t<div id=\"wpforms-123-field_2-container\" class=\"wpforms-field wpforms-field-email\" data-field-id=\"2\"><label class=\"wpforms-field-label\" for=\"wpforms-123-field_2\">Correo electr\u00f3nico <span class=\"wpforms-required-label\" aria-hidden=\"true\">*<\/span><\/label><input type=\"email\" id=\"wpforms-123-field_2\" class=\"wpforms-field-medium wpforms-field-required\" name=\"wpforms[fields][2]\" spellcheck=\"false\" aria-errormessage=\"wpforms-123-field_2-error\" required><\/div><div id=\"wpforms-123-field_3-container\" class=\"wpforms-field wpforms-field-textarea\" data-field-id=\"3\"><label class=\"wpforms-field-label\" for=\"wpforms-123-field_3\">Comentario o mensaje<\/label><textarea id=\"wpforms-123-field_3\" class=\"wpforms-field-medium\" name=\"wpforms[fields][3]\" aria-errormessage=\"wpforms-123-field_3-error\" ><\/textarea><\/div><script>\n\t\t\t\t( function() {\n\t\t\t\t\tconst style = document.createElement( 'style' );\n\t\t\t\t\tstyle.appendChild( document.createTextNode( '#wpforms-123-field_4-container { position: absolute !important; overflow: hidden !important; display: inline !important; height: 1px !important; width: 1px !important; z-index: -1000 !important; padding: 0 !important; } #wpforms-123-field_4-container input { visibility: hidden; } #wpforms-conversational-form-page #wpforms-123-field_4-container label { counter-increment: none; }' ) );\n\t\t\t\t\tdocument.head.appendChild( style );\n\t\t\t\t\tdocument.currentScript?.remove();\n\t\t\t\t} )();\n\t\t\t<\/script><\/div><!-- .wpforms-field-container --><div class=\"wpforms-submit-container\" ><input type=\"hidden\" name=\"wpforms[id]\" value=\"123\"><input type=\"hidden\" name=\"page_title\" value=\"\"><input type=\"hidden\" name=\"page_url\" value=\"https:\/\/www.uruservice.com\/cl\/wp-json\/wp\/v2\/pages\/25\"><input type=\"hidden\" name=\"url_referer\" value=\"\"><button type=\"submit\" name=\"wpforms[submit]\" id=\"wpforms-submit-123\" class=\"wpforms-submit\" data-alt-text=\"Enviando...\" data-submit-text=\"Enviar\" aria-live=\"assertive\" value=\"wpforms-submit\">Enviar<\/button><img decoding=\"async\" src=\"https:\/\/www.uruservice.com\/cl\/wp-content\/plugins\/wpforms-lite\/assets\/images\/submit-spin.svg\" class=\"wpforms-submit-spinner\" style=\"display: none;\" width=\"26\" height=\"26\" alt=\"Cargando\"><\/div><\/form><\/div>  <!-- .wpforms-container --><\/p>\n","protected":false},"excerpt":{"rendered":"","protected":false},"author":1,"featured_media":199,"parent":0,"menu_order":0,"comment_status":"closed","ping_status":"closed","template":"","meta":{"footnotes":""},"class_list":["post-25","page","type-page","status-publish","has-post-thumbnail","hentry"],"blocksy_meta":[],"yoast_head":"<!-- This site is optimized with the Yoast SEO plugin v27.1.1 - https:\/\/yoast.com\/product\/yoast-seo-wordpress\/ -->\n<title>Contacto | UruService<\/title>\n<meta name=\"description\" content=\"Cont\u00e1ctanos para resolver tus dudas o solicitar informaci\u00f3n. Estamos aqu\u00ed para ayudarte con todo lo que necesites.\" \/>\n<meta name=\"robots\" content=\"noindex, follow\" \/>\n<meta property=\"og:locale\" content=\"es_ES\" \/>\n<meta property=\"og:type\" content=\"article\" \/>\n<meta property=\"og:title\" content=\"Contacto | UruService\" \/>\n<meta property=\"og:description\" content=\"Cont\u00e1ctanos para resolver tus dudas o solicitar informaci\u00f3n. Estamos aqu\u00ed para ayudarte con todo lo que necesites.\" \/>\n<meta property=\"og:url\" content=\"https:\/\/www.uruservice.com\/cl\/contacto\/\" \/>\n<meta property=\"og:site_name\" content=\"Chile\" \/>\n<meta property=\"article:modified_time\" content=\"2025-07-30T08:21:35+00:00\" \/>\n<meta property=\"og:image\" content=\"https:\/\/www.uruservice.com\/cl\/wp-content\/uploads\/sites\/58\/2025\/07\/Contacto_IMG.jpg\" \/>\n\t<meta property=\"og:image:width\" content=\"1000\" \/>\n\t<meta property=\"og:image:height\" content=\"305\" \/>\n\t<meta property=\"og:image:type\" content=\"image\/jpeg\" \/>\n<meta name=\"twitter:card\" content=\"summary_large_image\" \/>\n<meta name=\"twitter:label1\" content=\"Tiempo de lectura\" \/>\n\t<meta name=\"twitter:data1\" content=\"1 minuto\" \/>\n<script type=\"application\/ld+json\" class=\"yoast-schema-graph\">{\"@context\":\"https:\/\/schema.org\",\"@graph\":[{\"@type\":\"WebPage\",\"@id\":\"https:\/\/www.uruservice.com\/cl\/contacto\/\",\"url\":\"https:\/\/www.uruservice.com\/cl\/contacto\/\",\"name\":\"Contacto | UruService\",\"isPartOf\":{\"@id\":\"https:\/\/www.uruservice.com\/cl\/#website\"},\"primaryImageOfPage\":{\"@id\":\"https:\/\/www.uruservice.com\/cl\/contacto\/#primaryimage\"},\"image\":{\"@id\":\"https:\/\/www.uruservice.com\/cl\/contacto\/#primaryimage\"},\"thumbnailUrl\":\"https:\/\/www.uruservice.com\/cl\/wp-content\/uploads\/sites\/58\/2025\/07\/Contacto_IMG.jpg\",\"datePublished\":\"2025-07-29T22:24:56+00:00\",\"dateModified\":\"2025-07-30T08:21:35+00:00\",\"description\":\"Cont\u00e1ctanos para resolver tus dudas o solicitar informaci\u00f3n. Estamos aqu\u00ed para ayudarte con todo lo que necesites.\",\"breadcrumb\":{\"@id\":\"https:\/\/www.uruservice.com\/cl\/contacto\/#breadcrumb\"},\"inLanguage\":\"es\",\"potentialAction\":[{\"@type\":\"ReadAction\",\"target\":[\"https:\/\/www.uruservice.com\/cl\/contacto\/\"]}]},{\"@type\":\"ImageObject\",\"inLanguage\":\"es\",\"@id\":\"https:\/\/www.uruservice.com\/cl\/contacto\/#primaryimage\",\"url\":\"https:\/\/www.uruservice.com\/cl\/wp-content\/uploads\/sites\/58\/2025\/07\/Contacto_IMG.jpg\",\"contentUrl\":\"https:\/\/www.uruservice.com\/cl\/wp-content\/uploads\/sites\/58\/2025\/07\/Contacto_IMG.jpg\",\"width\":1000,\"height\":305,\"caption\":\"Contacto_IMG\"},{\"@type\":\"BreadcrumbList\",\"@id\":\"https:\/\/www.uruservice.com\/cl\/contacto\/#breadcrumb\",\"itemListElement\":[{\"@type\":\"ListItem\",\"position\":1,\"name\":\"Portada\",\"item\":\"https:\/\/www.uruservice.com\/cl\/\"},{\"@type\":\"ListItem\",\"position\":2,\"name\":\"Contacto\"}]},{\"@type\":\"WebSite\",\"@id\":\"https:\/\/www.uruservice.com\/cl\/#website\",\"url\":\"https:\/\/www.uruservice.com\/cl\/\",\"name\":\"Chile\",\"description\":\"\",\"publisher\":{\"@id\":\"https:\/\/www.uruservice.com\/cl\/#\/schema\/person\/31d96ea0e6c72ae23ec4f725e949fdab\"},\"potentialAction\":[{\"@type\":\"SearchAction\",\"target\":{\"@type\":\"EntryPoint\",\"urlTemplate\":\"https:\/\/www.uruservice.com\/cl\/?s={search_term_string}\"},\"query-input\":{\"@type\":\"PropertyValueSpecification\",\"valueRequired\":true,\"valueName\":\"search_term_string\"}}],\"inLanguage\":\"es\"},{\"@type\":[\"Person\",\"Organization\"],\"@id\":\"https:\/\/www.uruservice.com\/cl\/#\/schema\/person\/31d96ea0e6c72ae23ec4f725e949fdab\",\"name\":\"madindio\",\"image\":{\"@type\":\"ImageObject\",\"inLanguage\":\"es\",\"@id\":\"https:\/\/www.uruservice.com\/cl\/#\/schema\/person\/image\/\",\"url\":\"https:\/\/www.uruservice.com\/cl\/wp-content\/uploads\/sites\/58\/2025\/07\/UruService_LOGO.webp\",\"contentUrl\":\"https:\/\/www.uruservice.com\/cl\/wp-content\/uploads\/sites\/58\/2025\/07\/UruService_LOGO.webp\",\"width\":768,\"height\":203,\"caption\":\"madindio\"},\"logo\":{\"@id\":\"https:\/\/www.uruservice.com\/cl\/#\/schema\/person\/image\/\"},\"sameAs\":[\"https:\/\/www.uruservice.com\"]}]}<\/script>\n<!-- \/ Yoast SEO plugin. -->","yoast_head_json":{"title":"Contacto | UruService","description":"Cont\u00e1ctanos para resolver tus dudas o solicitar informaci\u00f3n. Estamos aqu\u00ed para ayudarte con todo lo que necesites.","robots":{"index":"noindex","follow":"follow"},"og_locale":"es_ES","og_type":"article","og_title":"Contacto | UruService","og_description":"Cont\u00e1ctanos para resolver tus dudas o solicitar informaci\u00f3n. Estamos aqu\u00ed para ayudarte con todo lo que necesites.","og_url":"https:\/\/www.uruservice.com\/cl\/contacto\/","og_site_name":"Chile","article_modified_time":"2025-07-30T08:21:35+00:00","og_image":[{"width":1000,"height":305,"url":"https:\/\/www.uruservice.com\/cl\/wp-content\/uploads\/sites\/58\/2025\/07\/Contacto_IMG.jpg","type":"image\/jpeg"}],"twitter_card":"summary_large_image","twitter_misc":{"Tiempo de lectura":"1 minuto"},"schema":{"@context":"https:\/\/schema.org","@graph":[{"@type":"WebPage","@id":"https:\/\/www.uruservice.com\/cl\/contacto\/","url":"https:\/\/www.uruservice.com\/cl\/contacto\/","name":"Contacto | UruService","isPartOf":{"@id":"https:\/\/www.uruservice.com\/cl\/#website"},"primaryImageOfPage":{"@id":"https:\/\/www.uruservice.com\/cl\/contacto\/#primaryimage"},"image":{"@id":"https:\/\/www.uruservice.com\/cl\/contacto\/#primaryimage"},"thumbnailUrl":"https:\/\/www.uruservice.com\/cl\/wp-content\/uploads\/sites\/58\/2025\/07\/Contacto_IMG.jpg","datePublished":"2025-07-29T22:24:56+00:00","dateModified":"2025-07-30T08:21:35+00:00","description":"Cont\u00e1ctanos para resolver tus dudas o solicitar informaci\u00f3n. Estamos aqu\u00ed para ayudarte con todo lo que necesites.","breadcrumb":{"@id":"https:\/\/www.uruservice.com\/cl\/contacto\/#breadcrumb"},"inLanguage":"es","potentialAction":[{"@type":"ReadAction","target":["https:\/\/www.uruservice.com\/cl\/contacto\/"]}]},{"@type":"ImageObject","inLanguage":"es","@id":"https:\/\/www.uruservice.com\/cl\/contacto\/#primaryimage","url":"https:\/\/www.uruservice.com\/cl\/wp-content\/uploads\/sites\/58\/2025\/07\/Contacto_IMG.jpg","contentUrl":"https:\/\/www.uruservice.com\/cl\/wp-content\/uploads\/sites\/58\/2025\/07\/Contacto_IMG.jpg","width":1000,"height":305,"caption":"Contacto_IMG"},{"@type":"BreadcrumbList","@id":"https:\/\/www.uruservice.com\/cl\/contacto\/#breadcrumb","itemListElement":[{"@type":"ListItem","position":1,"name":"Portada","item":"https:\/\/www.uruservice.com\/cl\/"},{"@type":"ListItem","position":2,"name":"Contacto"}]},{"@type":"WebSite","@id":"https:\/\/www.uruservice.com\/cl\/#website","url":"https:\/\/www.uruservice.com\/cl\/","name":"Chile","description":"","publisher":{"@id":"https:\/\/www.uruservice.com\/cl\/#\/schema\/person\/31d96ea0e6c72ae23ec4f725e949fdab"},"potentialAction":[{"@type":"SearchAction","target":{"@type":"EntryPoint","urlTemplate":"https:\/\/www.uruservice.com\/cl\/?s={search_term_string}"},"query-input":{"@type":"PropertyValueSpecification","valueRequired":true,"valueName":"search_term_string"}}],"inLanguage":"es"},{"@type":["Person","Organization"],"@id":"https:\/\/www.uruservice.com\/cl\/#\/schema\/person\/31d96ea0e6c72ae23ec4f725e949fdab","name":"madindio","image":{"@type":"ImageObject","inLanguage":"es","@id":"https:\/\/www.uruservice.com\/cl\/#\/schema\/person\/image\/","url":"https:\/\/www.uruservice.com\/cl\/wp-content\/uploads\/sites\/58\/2025\/07\/UruService_LOGO.webp","contentUrl":"https:\/\/www.uruservice.com\/cl\/wp-content\/uploads\/sites\/58\/2025\/07\/UruService_LOGO.webp","width":768,"height":203,"caption":"madindio"},"logo":{"@id":"https:\/\/www.uruservice.com\/cl\/#\/schema\/person\/image\/"},"sameAs":["https:\/\/www.uruservice.com"]}]}},"_links":{"self":[{"href":"https:\/\/www.uruservice.com\/cl\/wp-json\/wp\/v2\/pages\/25","targetHints":{"allow":["GET"]}}],"collection":[{"href":"https:\/\/www.uruservice.com\/cl\/wp-json\/wp\/v2\/pages"}],"about":[{"href":"https:\/\/www.uruservice.com\/cl\/wp-json\/wp\/v2\/types\/page"}],"author":[{"embeddable":true,"href":"https:\/\/www.uruservice.com\/cl\/wp-json\/wp\/v2\/users\/1"}],"replies":[{"embeddable":true,"href":"https:\/\/www.uruservice.com\/cl\/wp-json\/wp\/v2\/comments?post=25"}],"version-history":[{"count":3,"href":"https:\/\/www.uruservice.com\/cl\/wp-json\/wp\/v2\/pages\/25\/revisions"}],"predecessor-version":[{"id":127,"href":"https:\/\/www.uruservice.com\/cl\/wp-json\/wp\/v2\/pages\/25\/revisions\/127"}],"wp:featuredmedia":[{"embeddable":true,"href":"https:\/\/www.uruservice.com\/cl\/wp-json\/wp\/v2\/media\/199"}],"wp:attachment":[{"href":"https:\/\/www.uruservice.com\/cl\/wp-json\/wp\/v2\/media?parent=25"}],"curies":[{"name":"wp","href":"https:\/\/api.w.org\/{rel}","templated":true}]}}