{"id":23,"date":"2025-07-30T00:19:10","date_gmt":"2025-07-29T22:19:10","guid":{"rendered":"https:\/\/www.uruservice.com\/ec\/?page_id=23"},"modified":"2025-07-30T00:19:33","modified_gmt":"2025-07-29T22:19:33","slug":"politica-de-privacidad","status":"publish","type":"page","link":"https:\/\/www.uruservice.com\/ec\/politica-de-privacidad\/","title":{"rendered":"Pol\u00edtica de privacidad"},"content":{"rendered":"\r\n<p>En esta declaraci\u00f3n de privacidad te explico qu\u00e9 datos personales recopilo de mis usuarios y c\u00f3mo los utilizo. Te animo a leer detenidamente estos t\u00e9rminos antes de facilitar tus datos personales en esta web.<\/p>\r\n<p><strong>Puntos b\u00e1sicos de esta pol\u00edtica de privacidad<\/strong><\/p>\r\n<p><b>Responsable:<\/b>\u00a0Xx_MADINDIO_xX<\/p>\r\n<p><b>Finalidad:\u00a0<\/b>En los formularios de suscripci\u00f3n: la finalidad de los datos solicitados es poder enviar correos electr\u00f3nicos con nuevos contenidos e\u00a0informaci\u00f3n que pueda ser interesante. En los comentarios: la\u00a0finalidad ser\u00e1\u00a0poder moderar los comentarios del blog. Y en el formulario de contacto: la finalidad de los datos solicitados ser\u00e1 poder contestar a tus preguntas y dudas por la misma v\u00eda: correo electr\u00f3nico.<\/p>\r\n<p><b>Legitimaci\u00f3n:<\/b>\u00a0Tu consentimiento inequ\u00edvoco.<\/p>\r\n<p><b>Destinatarios:\u00a0<\/b>En los formularios de suscripci\u00f3n: los datos que me facilitas estar\u00e1n ubicados en los servidores de Mailchimp (proveedor de email marketing de https:\/\/imr-servicios.com\/ fuera de la UE en EEUU. Mailchimp est\u00e1 acogido al acuerdo EU-US Privacy Shield, aprobado por el Comit\u00e9 Europeo de Protecci\u00f3n de Datos. Ver pol\u00edtica de privacidad de Mailchimp. En los comentarios: tus datos se guardar\u00e1n en la base de datos alojada en Siteground, mi proveedor de email y hosting, pero \u00fanicamente para poder mostrar los comentarios en el art\u00edculo. Y en el formulario de contacto: tus datos se guardar\u00e1n en la base de datos alojada en Siteground, mi proveedor de hosting, pero \u00fanicamente para tener un registro de los diferentes emails recibidos.<\/p>\r\n<p><b>Derechos:<\/b>\u00a0El usuario suscrito tiene derecho a acceder, rectificar, limitar y suprimir sus datos.<\/p>\r\n<p>Los mayores de trece a\u00f1os podr\u00e1n registrarse en https:\/\/imr-servicios.com\/ como usuarios sin el previo consentimiento de sus padres o tutores.<\/p>\r\n<p>En el caso de los menores de trece a\u00f1os se requiere el consentimiento de los padres o tutores para el tratamiento de sus datos personales.<\/p>\r\n<p>En ning\u00fan caso se recabar\u00e1n del menor de edad datos relativos a la situaci\u00f3n profesional, econ\u00f3mica o a la intimidad de los otros miembros de la familia, sin el consentimiento de \u00e9stos.<\/p>\r\n<p>Si eres menor de trece a\u00f1os y has accedido a este sitio web sin avisar a tus padres no debes registrarte como usuario.<\/p>\r\n<p>En esta web se respetan y cuidan los datos personales de los usuarios. Como usuario debes saber que tus derechos est\u00e1n garantizados.<\/p>\r\n<p><strong>Los principios de esta pol\u00edtica de privacidad son:<\/strong><\/p>\r\n<ul>\r\n<li>Nunca solicito informaci\u00f3n personal a menos que realmente sea necesaria para prestarte los servicios que me requieras.<\/li>\r\n<li>Nunca comparto informaci\u00f3n personal de mis usuarios con nadie, excepto para cumplir con la ley o en caso que cuente con tu autorizaci\u00f3n expresa.<\/li>\r\n<li>Nunca utilizo tus datos personales con una finalidad diferente a la expresada en esta pol\u00edtica de privacidad.<\/li>\r\n<li>Es preciso advertir que esta Pol\u00edtica de Privacidad podr\u00eda variar en funci\u00f3n de exigencias legislativas o de autorregulaci\u00f3n, por lo que se aconseja a los usuarios que la visiten peri\u00f3dicamente. Ser\u00e1 aplicable en caso de que los usuarios decidan rellenar alg\u00fan formulario de cualquiera de sus formularios de contacto donde se recaben datos de car\u00e1cter personal.<\/li>\r\n<\/ul>\r\n<p><strong>Responsable del tratamiento de tus datos personales<\/strong><\/p>\r\n<ul>\r\n<li><b><\/b><b>Identidad del Responsable:<\/b>\u00a0Xx_MADINDIO_xX<\/li>\r\n<li><b><\/b><b>Nombre comercial:\u00a0<\/b>https:\/\/imr-servicios.com\/<b><\/b><\/li>\r\n<li><b><\/b><b>Correo electr\u00f3nico:<\/b> info@imr-servicios.com<\/li>\r\n<li><b><\/b><b>Actividad:<\/b> Blog.<\/li>\r\n<\/ul>\r\n<p>A efectos de lo previsto en el Reglamento General de Protecci\u00f3n de Datos antes citado, los datos personales que me env\u00edes a trav\u00e9s de los formularios de suscripci\u00f3n de la web, recibir\u00e1n el tratamiento de datos de \u201cUsuarios de la web y suscriptores\u201d.<\/p>\r\n<p><strong>Principios que aplicar\u00e9 a tu informaci\u00f3n personal<\/strong><\/p>\r\n<p>En el tratamiento de tus datos personales, aplicar\u00e9 los siguientes principios que se ajustan a las exigencias del nuevo reglamento europeo de protecci\u00f3n de datos:<\/p>\r\n<ul>\r\n<li>Principio de licitud, lealtad y transparencia: Siempre voy a requerir tu consentimiento para el tratamiento de tus datos personales para uno o varios fines espec\u00edficos que te informar\u00e9 previamente con absoluta transparencia.<\/li>\r\n<li>Principio de minimizaci\u00f3n de datos: Solo voy a solicitar datos estrictamente necesarios en relaci\u00f3n con los fines para los que los requiero. Los m\u00ednimos posibles.<\/li>\r\n<li>Principio de limitaci\u00f3n del plazo de conservaci\u00f3n: los datos ser\u00e1n mantenidos durante no m\u00e1s tiempo del necesario para los fines del tratamiento, en funci\u00f3n a la finalidad, te informar\u00e9 del plazo de conservaci\u00f3n correspondiente, en el caso de suscripciones, peri\u00f3dicamente revisar\u00e9 mis listas y eliminar\u00e9 aquellos registros inactivos durante un tiempo considerable.<\/li>\r\n<li>Principio de integridad y confidencialidad: Tus datos ser\u00e1n tratados de tal manera que se garantice una seguridad adecuada de los datos personales y se garantice confidencialidad. Debes saber que tomo todas las precauciones necesarias para evitar el acceso no autorizado o uso indebido de los datos de mis usuarios por parte de terceros.<\/li>\r\n<\/ul>\r\n<p><strong>\u00bfC\u00f3mo he obtenido tus datos?<\/strong><\/p>\r\n<p>Los datos personales que trato en https:\/\/imr-servicios.com\/ proceden de:<\/p>\r\n<ul>\r\n<li>Formulario de contacto de\u00a0https:\/\/imr-servicios.com\/: Nombre, Email y Mensaje.<\/li>\r\n<li>Formulario de subscripci\u00f3n a https:\/\/imr-servicios.com\/: Nombre y Email.<\/li>\r\n<li>Comentarios en blog: Nombre, Email, Web y Comentario.<\/li>\r\n<\/ul>\r\n<p><strong>\u00bfCu\u00e1les son tus derechos cuando me facilitas tus datos?<\/strong><\/p>\r\n<p>Las personas interesadas tienen derecho a:<\/p>\r\n<ul>\r\n<li>Solicitar el acceso a los datos personales relativos al interesado.<\/li>\r\n<li>Solicitar su rectificaci\u00f3n o supresi\u00f3n.<\/li>\r\n<li>Solicitar la limitaci\u00f3n de su tratamiento.<\/li>\r\n<li>Oponerse al tratamiento.<\/li>\r\n<li>Solicitar la portabilidad de los datos.<\/li>\r\n<\/ul>\r\n<p>Los interesados podr\u00e1n acceder a sus datos personales, as\u00ed como a solicitar la rectificaci\u00f3n de los datos inexactos o, en su caso, solicitar su supresi\u00f3n cuando, entre otros motivos, los datos ya no sean necesarios para los fines que fueron recogidos. En determinadas circunstancias, los interesados podr\u00e1n solicitar la limitaci\u00f3n del tratamiento de sus datos, en cuyo caso \u00fanicamente los conservar\u00e9 para el ejercicio o la defensa de reclamaciones.<\/p>\r\n<p>En determinadas circunstancias y por motivos relacionados con su situaci\u00f3n particular, los interesados podr\u00e1n oponerse al tratamiento de sus datos.\u00a0Xx_MADINDIO_xX dejar\u00e1 de tratar los datos, salvo por motivos leg\u00edtimos imperiosos, o el ejercicio o la defensa de posibles reclamaciones. Como interesado, tienes derecho a recibir los datos personales que te incumban, que me hayas facilitado y en un formato estructurado, de uso com\u00fan y lectura mec\u00e1nica, y a transmitirlos a otro responsable del tratamiento cuando:<\/p>\r\n<ul>\r\n<li>El tratamiento est\u00e9 basado en el consentimiento.<\/li>\r\n<li>Los datos hayan sido facilitados por la persona interesada.<\/li>\r\n<li>El tratamiento se efect\u00fae por medios automatizados.<\/li>\r\n<li>Al ejercer tu derecho a la portabilidad de los datos, tendr\u00e1s derecho a que los datos personales se transmitan directamente de responsable a responsable cuando sea t\u00e9cnicamente posible.<\/li>\r\n<\/ul>\r\n<p>Los interesados tambi\u00e9n tendr\u00e1n derecho a la tutela judicial efectiva y a presentar una reclamaci\u00f3n ante la autoridad de control, en este caso, la Agencia Espa\u00f1ola de Protecci\u00f3n de Datos, si consideran que el tratamiento de datos personales que le conciernen infringe el Reglamento.<\/p>\r\n<p><strong>\u00bfCon qu\u00e9 finalidad trato tus datos personales?<\/strong><\/p>\r\n<p>Cuando un usuario se conecta con esta web o blog por ejemplo para comentar un post, mandar un correo al titular o suscribirse, est\u00e1 facilitando informaci\u00f3n de car\u00e1cter personal de la que es responsable https:\/\/imr-servicios.com\/. Esa informaci\u00f3n puede incluir datos de car\u00e1cter personal como pueden ser tu direcci\u00f3n IP, nombre, direcci\u00f3n f\u00edsica, direcci\u00f3n de correo electr\u00f3nico y otra informaci\u00f3n. Al facilitar esta informaci\u00f3n, el usuario da su consentimiento para que su informaci\u00f3n sea recopilada, utilizada, gestionada y almacenada, por https:\/\/imr-servicios.com\/ s\u00f3lo como se describe en la presente Pol\u00edtica de Privacidad.<\/p>\r\n<p>En\u00a0https:\/\/imr-servicios.com\/ existen diferentes sistemas de captura de informaci\u00f3n personal y trato la informaci\u00f3n que me facilitan las personas interesadas con el siguiente fin por cada sistema de captura (formularios):<\/p>\r\n<p><strong>Formulario de suscripci\u00f3n:<\/strong><\/p>\r\n<p>Te informo que los datos que me facilitas estar\u00e1n ubicados en los servidores de Mailchimp (proveedor de email marketing de https:\/\/imr-servicios.com\/) fuera de la UE en EEUU. Mailchimp est\u00e1 acogido al acuerdo EU-US Privacy Shield, cuya informaci\u00f3n est\u00e1 disponible aqu\u00ed, aprobado por el Comit\u00e9 Europeo de Protecci\u00f3n de Datos.<\/p>\r\n<p>Para garantizar el cumplimiento de las condiciones de uso y la ley aplicable. Esto puede incluir el desarrollo de herramientas y algoritmos que ayudan a esta web a garantizar la confidencialidad de los datos personales que recoge.<\/p>\r\n<p><strong>Para apoyar y mejorar los servicios que ofrece esta web.<\/strong><\/p>\r\n<p>Tambi\u00e9n se recogen otros datos no identificativos que se obtienen mediante algunas cookies que se descargan en el ordenador del usuario cuando navega en esta web que detallo en la\u00a0pol\u00edtica de cookies.<\/p>\r\n<p>Para gestionar las redes sociales.\u00a0https:\/\/imr-servicios.com\/ puede tener presencia en redes sociales. El tratamiento de los datos que se lleve a cabo de las personas que se hagan seguidoras en las redes sociales de las p\u00e1ginas oficiales de\u00a0https:\/\/imr-servicios.com\/\u00a0, se regir\u00e1 por este apartado. En ning\u00fan caso utilizar\u00e9 los perfiles de seguidores en redes sociales para enviar publicidad de manera individual.<\/p>\r\n<p>https:\/\/imr-servicios.com\/ no vende, alquila ni cede datos de car\u00e1cter personal que puedan identificar al usuario, ni lo har\u00e1 en el futuro, a terceros sin el consentimiento previo. Sin embargo, en algunos casos se pueden realizar colaboraciones con otros profesionales, en esos casos, se requerir\u00e1 consentimiento a los usuarios informando sobre la identidad del colaborador y la finalidad de la colaboraci\u00f3n. Siempre se realizar\u00e1 con los m\u00e1s estrictos est\u00e1ndares de seguridad.<\/p>\r\n<p>Para contactar o realizar comentarios en esta web se requiere el consentimiento con esta\u00a0<strong>pol\u00edtica de privacidad.<\/strong><\/p>\r\n<p>La oferta prospectiva o comercial de productos y servicios est\u00e1 basada en el consentimiento que se le solicita, sin que en ning\u00fan caso la retirada de este consentimiento condicione la ejecuci\u00f3n del contrato de suscripci\u00f3n.<\/p>\r\n<p><strong>Categor\u00eda de datos recogidos.<\/strong><\/p>\r\n<p>Las categor\u00edas de datos que se tratan son datos identificativos.<\/p>\r\n<p>En ning\u00fan caso se tratan categor\u00edas de datos especialmente protegidos.<\/p>\r\n<p><strong>\u00bfPor cu\u00e1nto tiempo conservar\u00e9 tus datos?<\/strong><\/p>\r\n<p>Los datos personales proporcionados se conservar\u00e1n hasta que no se solicite su supresi\u00f3n por el interesado.<\/p>\r\n<p><strong>\u00bfA qu\u00e9 destinatarios se comunicar\u00e1n tus datos?<\/strong><\/p>\r\n<p>Muchas herramientas que utilizo para gestionar tus datos son contratados por terceros.<\/p>\r\n<p>Para prestar servicios estrictamente necesarios para el desarrollo de la actividad,\u00a0https:\/\/imr-servicios.com\/\u00a0comparte datos con los siguientes prestadores bajo sus correspondientes condiciones de privacidad:<\/p>\r\n<p>Google Analytics: un servicio anal\u00edtico de web prestado por Google, Inc., una compa\u00f1\u00eda de Delaware cuya oficina principal est\u00e1 en 1600 Amphitheatre Parkway, Mountain View (California), CA 94043, Estados Unidos (\u201cGoogle\u201d). Google Analytics utiliza \u201ccookies\u201d, que son archivos de texto ubicados en tu ordenador, para ayudar a\u00a0https:\/\/imr-servicios.com\/\u00a0\u00a0a analizar el uso que hacen los usuarios del sitio web. La informaci\u00f3n que genera la cookie acerca de su uso de\u00a0https:\/\/imr-servicios.com\/<span class=\"Apple-converted-space\">\u00a0\u00a0<\/span>(incluyendo tu direcci\u00f3n IP) ser\u00e1 directamente transmitida y archivada por Google en los servidores de Estados Unidos.<\/p>\r\n<p>Email marketing: Mailchimp con domicilio en EEUU. M\u00e1s informaci\u00f3n en:\u00a0Pol\u00edtica de privacidad Mailchimp.<\/p>\r\n<p><strong>Secreto y seguridad de los datos<\/strong><\/p>\r\n<p>https:\/\/imr-servicios.com\/ se compromete en el uso y tratamiento de los datos incluidos personales de los usuarios, respetando su confidencialidad y a utilizarlos de acuerdo con la finalidad del mismo, as\u00ed como a dar cumplimiento a su obligaci\u00f3n de guardarlos y adaptar todas las medidas para evitar la alteraci\u00f3n, p\u00e9rdida, tratamiento o acceso no autorizado, de conformidad con lo establecido en la normativa vigente de protecci\u00f3n de datos.<\/p>\r\n<p>https:\/\/imr-servicios.com\/<span class=\"Apple-converted-space\">\u00a0\u00a0<\/span>no puede garantizar la absoluta inexpugnabilidad de la red Internet y por tanto la violaci\u00f3n de los datos mediante accesos fraudulentos a ellos por parte de terceros.<\/p>\r\n<p>Con respecto a la confidencialidad del procesamiento, Xx_MADINDIO_xX se asegurar\u00e1 de que cualquier persona que est\u00e9 autorizada por\u00a0https:\/\/imr-servicios.com\/ para procesar los datos del cliente (incluido su personal, colaboradores y prestadores), estar\u00e1 bajo la obligaci\u00f3n apropiada de confidencialidad (ya sea un deber contractual o legal).<\/p>\r\n<p>Cuando se presente alg\u00fan incidente de seguridad, al darse cuenta https:\/\/imr-servicios.com\/, deber\u00e1 notificar al Cliente sin demoras indebidas y deber\u00e1 proporcionar informaci\u00f3n oportuna relacionada con el Incidente de Seguridad tal como se conozca o cuando el Cliente lo solicite razonablemente.<\/p>\r\n<p><strong>Exactitud y veracidad de los datos<\/strong>.<\/p>\r\n<p>Como usuario, eres el \u00fanico responsable de la veracidad y correcci\u00f3n de los datos que remitas a https:\/\/imr-servicios.com\/ exonerando a Xx_MADINDIO_xX, de cualquier responsabilidad al respecto.<\/p>\r\n<p>Los usuarios garantizan y responden, en cualquier caso, de la exactitud, vigencia y autenticidad de los datos personales facilitados, y se comprometen a mantenerlos debidamente actualizados. El usuario acepta proporcionar informaci\u00f3n completa y correcta en el formulario de contacto o suscripci\u00f3n.<\/p>\r\n<p><strong>Aceptaci\u00f3n y consentimiento<\/strong><\/p>\r\n<p>El usuario declara haber sido informado de las condiciones sobre protecci\u00f3n de datos de car\u00e1cter personal, aceptando y consintiendo el tratamiento de los mismos por parte de Xx_MADINDIO_xX (https:\/\/imr-servicios.com\/) en la forma y para las finalidades indicadas en esta pol\u00edtica de privacidad.<\/p>\r\n<p><strong>Revocabilidad.<\/strong><\/p>\r\n<p>El consentimiento prestado, tanto para el tratamiento como para la cesi\u00f3n de los datos de los interesados, es revocable en cualquier momento comunic\u00e1ndolo a Xx_MADINDIO_xX (https:\/\/imr-servicios.com\/) en los t\u00e9rminos establecidos en esta Pol\u00edtica para el ejercicio de los derechos ARCO. Esta revocaci\u00f3n en ning\u00fan caso tendr\u00e1 car\u00e1cter retroactivo.<\/p>\r\n<p><strong>Cambios en la pol\u00edtica de privacidad.<\/strong><\/p>\r\n<p>Xx_MADINDIO_xX se reserva el derecho a modificar la presente pol\u00edtica para adaptarla a novedades legislativas o jurisprudenciales, as\u00ed como a pr\u00e1cticas de la industria. En dichos supuestos, Xx_MADINDIO_xX anunciar\u00e1 en esta p\u00e1gina los cambios introducidos con razonable antelaci\u00f3n a su puesta en pr\u00e1ctica.<\/p>\r\n<p><strong>Correos comerciales.<\/strong><\/p>\r\n<p>De acuerdo con la LSSICE,\u00a0https:\/\/imr-servicios.com\/<span class=\"Apple-converted-space\">\u00a0\u00a0<\/span>no realiza pr\u00e1cticas de SPAM, por lo que no env\u00eda correos comerciales por v\u00eda electr\u00f3nica que no hayan sido previamente solicitados o autorizados por el usuario. En consecuencia, en cada uno de los formularios habidos en la web, el usuario tiene la posibilidad de dar su consentimiento expreso para recibir el bolet\u00edn, con independencia de la informaci\u00f3n comercial puntualmente solicitada.<\/p>\r\n","protected":false},"excerpt":{"rendered":"<p>En esta declaraci\u00f3n de privacidad te explico qu\u00e9 datos personales recopilo de mis usuarios y c\u00f3mo los utilizo. Te animo a leer detenidamente estos t\u00e9rminos antes de facilitar tus datos personales en esta web. Puntos b\u00e1sicos de esta pol\u00edtica de privacidad Responsable:\u00a0Xx_MADINDIO_xX Finalidad:\u00a0En los formularios de suscripci\u00f3n: la finalidad de los datos solicitados es poder [&hellip;]<\/p>\n","protected":false},"author":1,"featured_media":0,"parent":0,"menu_order":0,"comment_status":"closed","ping_status":"closed","template":"","meta":{"footnotes":""},"class_list":["post-23","page","type-page","status-publish","hentry"],"blocksy_meta":[],"yoast_head":"<!-- This site is optimized with the Yoast SEO plugin v27.1.1 - https:\/\/yoast.com\/product\/yoast-seo-wordpress\/ -->\n<title>Pol\u00edtica de privacidad | UruService<\/title>\n<meta name=\"description\" content=\"Conozca nuestra Pol\u00edtica de Privacidad. Su seguridad es nuestra prioridad. Protegemos sus datos con el m\u00e1ximo cuidado.\" \/>\n<meta name=\"robots\" content=\"noindex, follow\" \/>\n<meta property=\"og:locale\" content=\"es_ES\" \/>\n<meta property=\"og:type\" content=\"article\" \/>\n<meta property=\"og:title\" content=\"Pol\u00edtica de privacidad | UruService\" \/>\n<meta property=\"og:description\" content=\"Conozca nuestra Pol\u00edtica de Privacidad. Su seguridad es nuestra prioridad. Protegemos sus datos con el m\u00e1ximo cuidado.\" \/>\n<meta property=\"og:url\" content=\"https:\/\/www.uruservice.com\/ec\/politica-de-privacidad\/\" \/>\n<meta property=\"og:site_name\" content=\"Ecuador\" \/>\n<meta property=\"article:modified_time\" content=\"2025-07-29T22:19:33+00:00\" \/>\n<meta name=\"twitter:card\" content=\"summary_large_image\" \/>\n<meta name=\"twitter:label1\" content=\"Tiempo de lectura\" \/>\n\t<meta name=\"twitter:data1\" content=\"10 minutos\" \/>\n<script type=\"application\/ld+json\" class=\"yoast-schema-graph\">{\"@context\":\"https:\/\/schema.org\",\"@graph\":[{\"@type\":\"WebPage\",\"@id\":\"https:\/\/www.uruservice.com\/ec\/politica-de-privacidad\/\",\"url\":\"https:\/\/www.uruservice.com\/ec\/politica-de-privacidad\/\",\"name\":\"Pol\u00edtica de privacidad | UruService\",\"isPartOf\":{\"@id\":\"https:\/\/www.uruservice.com\/ec\/#website\"},\"datePublished\":\"2025-07-29T22:19:10+00:00\",\"dateModified\":\"2025-07-29T22:19:33+00:00\",\"description\":\"Conozca nuestra Pol\u00edtica de Privacidad. Su seguridad es nuestra prioridad. Protegemos sus datos con el m\u00e1ximo cuidado.\",\"breadcrumb\":{\"@id\":\"https:\/\/www.uruservice.com\/ec\/politica-de-privacidad\/#breadcrumb\"},\"inLanguage\":\"es\",\"potentialAction\":[{\"@type\":\"ReadAction\",\"target\":[\"https:\/\/www.uruservice.com\/ec\/politica-de-privacidad\/\"]}]},{\"@type\":\"BreadcrumbList\",\"@id\":\"https:\/\/www.uruservice.com\/ec\/politica-de-privacidad\/#breadcrumb\",\"itemListElement\":[{\"@type\":\"ListItem\",\"position\":1,\"name\":\"Portada\",\"item\":\"https:\/\/www.uruservice.com\/ec\/\"},{\"@type\":\"ListItem\",\"position\":2,\"name\":\"Pol\u00edtica de privacidad\"}]},{\"@type\":\"WebSite\",\"@id\":\"https:\/\/www.uruservice.com\/ec\/#website\",\"url\":\"https:\/\/www.uruservice.com\/ec\/\",\"name\":\"Ecuador\",\"description\":\"\",\"publisher\":{\"@id\":\"https:\/\/www.uruservice.com\/ec\/#\/schema\/person\/31d96ea0e6c72ae23ec4f725e949fdab\"},\"potentialAction\":[{\"@type\":\"SearchAction\",\"target\":{\"@type\":\"EntryPoint\",\"urlTemplate\":\"https:\/\/www.uruservice.com\/ec\/?s={search_term_string}\"},\"query-input\":{\"@type\":\"PropertyValueSpecification\",\"valueRequired\":true,\"valueName\":\"search_term_string\"}}],\"inLanguage\":\"es\"},{\"@type\":[\"Person\",\"Organization\"],\"@id\":\"https:\/\/www.uruservice.com\/ec\/#\/schema\/person\/31d96ea0e6c72ae23ec4f725e949fdab\",\"name\":\"madindio\",\"image\":{\"@type\":\"ImageObject\",\"inLanguage\":\"es\",\"@id\":\"https:\/\/www.uruservice.com\/ec\/#\/schema\/person\/image\/\",\"url\":\"https:\/\/www.uruservice.com\/ec\/wp-content\/uploads\/sites\/56\/2025\/07\/UruService_LOGO.webp\",\"contentUrl\":\"https:\/\/www.uruservice.com\/ec\/wp-content\/uploads\/sites\/56\/2025\/07\/UruService_LOGO.webp\",\"width\":768,\"height\":203,\"caption\":\"madindio\"},\"logo\":{\"@id\":\"https:\/\/www.uruservice.com\/ec\/#\/schema\/person\/image\/\"},\"sameAs\":[\"https:\/\/www.uruservice.com\"]}]}<\/script>\n<!-- \/ Yoast SEO plugin. -->","yoast_head_json":{"title":"Pol\u00edtica de privacidad | UruService","description":"Conozca nuestra Pol\u00edtica de Privacidad. Su seguridad es nuestra prioridad. Protegemos sus datos con el m\u00e1ximo cuidado.","robots":{"index":"noindex","follow":"follow"},"og_locale":"es_ES","og_type":"article","og_title":"Pol\u00edtica de privacidad | UruService","og_description":"Conozca nuestra Pol\u00edtica de Privacidad. Su seguridad es nuestra prioridad. Protegemos sus datos con el m\u00e1ximo cuidado.","og_url":"https:\/\/www.uruservice.com\/ec\/politica-de-privacidad\/","og_site_name":"Ecuador","article_modified_time":"2025-07-29T22:19:33+00:00","twitter_card":"summary_large_image","twitter_misc":{"Tiempo de lectura":"10 minutos"},"schema":{"@context":"https:\/\/schema.org","@graph":[{"@type":"WebPage","@id":"https:\/\/www.uruservice.com\/ec\/politica-de-privacidad\/","url":"https:\/\/www.uruservice.com\/ec\/politica-de-privacidad\/","name":"Pol\u00edtica de privacidad | UruService","isPartOf":{"@id":"https:\/\/www.uruservice.com\/ec\/#website"},"datePublished":"2025-07-29T22:19:10+00:00","dateModified":"2025-07-29T22:19:33+00:00","description":"Conozca nuestra Pol\u00edtica de Privacidad. Su seguridad es nuestra prioridad. Protegemos sus datos con el m\u00e1ximo cuidado.","breadcrumb":{"@id":"https:\/\/www.uruservice.com\/ec\/politica-de-privacidad\/#breadcrumb"},"inLanguage":"es","potentialAction":[{"@type":"ReadAction","target":["https:\/\/www.uruservice.com\/ec\/politica-de-privacidad\/"]}]},{"@type":"BreadcrumbList","@id":"https:\/\/www.uruservice.com\/ec\/politica-de-privacidad\/#breadcrumb","itemListElement":[{"@type":"ListItem","position":1,"name":"Portada","item":"https:\/\/www.uruservice.com\/ec\/"},{"@type":"ListItem","position":2,"name":"Pol\u00edtica de privacidad"}]},{"@type":"WebSite","@id":"https:\/\/www.uruservice.com\/ec\/#website","url":"https:\/\/www.uruservice.com\/ec\/","name":"Ecuador","description":"","publisher":{"@id":"https:\/\/www.uruservice.com\/ec\/#\/schema\/person\/31d96ea0e6c72ae23ec4f725e949fdab"},"potentialAction":[{"@type":"SearchAction","target":{"@type":"EntryPoint","urlTemplate":"https:\/\/www.uruservice.com\/ec\/?s={search_term_string}"},"query-input":{"@type":"PropertyValueSpecification","valueRequired":true,"valueName":"search_term_string"}}],"inLanguage":"es"},{"@type":["Person","Organization"],"@id":"https:\/\/www.uruservice.com\/ec\/#\/schema\/person\/31d96ea0e6c72ae23ec4f725e949fdab","name":"madindio","image":{"@type":"ImageObject","inLanguage":"es","@id":"https:\/\/www.uruservice.com\/ec\/#\/schema\/person\/image\/","url":"https:\/\/www.uruservice.com\/ec\/wp-content\/uploads\/sites\/56\/2025\/07\/UruService_LOGO.webp","contentUrl":"https:\/\/www.uruservice.com\/ec\/wp-content\/uploads\/sites\/56\/2025\/07\/UruService_LOGO.webp","width":768,"height":203,"caption":"madindio"},"logo":{"@id":"https:\/\/www.uruservice.com\/ec\/#\/schema\/person\/image\/"},"sameAs":["https:\/\/www.uruservice.com"]}]}},"_links":{"self":[{"href":"https:\/\/www.uruservice.com\/ec\/wp-json\/wp\/v2\/pages\/23","targetHints":{"allow":["GET"]}}],"collection":[{"href":"https:\/\/www.uruservice.com\/ec\/wp-json\/wp\/v2\/pages"}],"about":[{"href":"https:\/\/www.uruservice.com\/ec\/wp-json\/wp\/v2\/types\/page"}],"author":[{"embeddable":true,"href":"https:\/\/www.uruservice.com\/ec\/wp-json\/wp\/v2\/users\/1"}],"replies":[{"embeddable":true,"href":"https:\/\/www.uruservice.com\/ec\/wp-json\/wp\/v2\/comments?post=23"}],"version-history":[{"count":1,"href":"https:\/\/www.uruservice.com\/ec\/wp-json\/wp\/v2\/pages\/23\/revisions"}],"predecessor-version":[{"id":24,"href":"https:\/\/www.uruservice.com\/ec\/wp-json\/wp\/v2\/pages\/23\/revisions\/24"}],"wp:attachment":[{"href":"https:\/\/www.uruservice.com\/ec\/wp-json\/wp\/v2\/media?parent=23"}],"curies":[{"name":"wp","href":"https:\/\/api.w.org\/{rel}","templated":true}]}}