{"id":15,"date":"2025-07-30T00:16:30","date_gmt":"2025-07-29T22:16:30","guid":{"rendered":"https:\/\/www.uruservice.com\/pa\/?page_id=15"},"modified":"2025-07-30T00:24:20","modified_gmt":"2025-07-29T22:24:20","slug":"aviso-legal","status":"publish","type":"page","link":"https:\/\/www.uruservice.com\/pa\/aviso-legal\/","title":{"rendered":"Aviso legal"},"content":{"rendered":"<p><strong>Aviso legal y condiciones de uso<\/strong><\/p>\n<p>Si has llegado a este apartado de nuestra web es porque sin duda te interesa saber m\u00e1s sobre la relaci\u00f3n que podemos tener en este espacio. Es decir, conocer los datos de mi actividad, la finalidad de la web, que informaci\u00f3n de la web utilizo y que hago con tus datos, cuales son los derechos y obligaciones que tenemos ambos y explicarte cuales son mis procedimientos para proteger tus datos personales y mi compromiso de confidencialidad.<\/p>\n<p><strong>Datos del Responsable<\/strong><\/p>\n<ul>\n<li><b><\/b><b>Identidad del Responsable:<\/b> Xx_MADINDIO_xX<\/li>\n<li><b><\/b><b>Nombre comercial:<\/b> imr-servicios.com<\/li>\n<li><b><\/b><b>Correo electr\u00f3nico:<\/b> info@imr-servicios.com<\/li>\n<\/ul>\n<p>En este espacio, el usuario, podr\u00e1 encontrar toda la informaci\u00f3n relativa a los t\u00e9rminos y condiciones legales que definen las relaciones entre los usuarios y yo como responsable de esta web. Como usuario, es importante que conozcas estos t\u00e9rminos antes de continuar tu navegaci\u00f3n.<\/p>\n<p>Xx_MADINDIO_xX como responsable de esta web, asumo el compromiso de procesar la informaci\u00f3n de mis usuarios y clientes con plenas garant\u00edas y cumplir con los requisitos nacionales y europeos que regulan la recopilaci\u00f3n y uso de los datos personales de mis usuarios.<\/p>\n<p>Esta web, por tanto, cumple rigurosamente con La Ley Org\u00e1nica 15\/1999, de 13 de diciembre, de Protecci\u00f3n de Datos de Car\u00e1cter Personal (LOPD), y con el Real Decreto 1720\/2007, de 21 de diciembre, conocido como el Reglamento de desarrollo de la LOPD. Cumple tambi\u00e9n con el Reglamento (UE) 2016\/679 del Parlamento Europeo y del Consejo de 27 de abril de 2016 relativo a la protecci\u00f3n de las personas f\u00edsicas (RGPD), as\u00ed como con la Ley 34\/2002, de 11 de julio, de Servicios de la Sociedad de la Informaci\u00f3n y Comercio Electr\u00f3nico (LSSICE \u00f3 LSSI).<\/p>\n<p><strong>Condiciones generales de uso<\/strong><\/p>\n<p>Las presentes Condiciones Generales regulan el uso (incluyendo el mero acceso) de las p\u00e1ginas de web, integrantes del sitio web de https:\/\/imr-servicios.com\/<span class=\"Apple-converted-space\">\u00a0\u00a0<\/span>incluidos los contenidos y servicios puestos a disposici\u00f3n en ellas. Toda persona que acceda a la web, https:\/\/imr-servicios.com\/ (\u201cusuario\u201d), previo acceso autorizado por parte del administrador de https:\/\/imr-servicios.com\/, acepta someterse a las Condiciones Generales vigentes en cada momento del portal https:\/\/imr-servicios.com\/.<\/p>\n<p><strong>Datos personales que recabo y c\u00f3mo lo hago<\/strong><\/p>\n<p>Tienes toda la informaci\u00f3n en la\u00a0Pol\u00edtica de Privacidad.<\/p>\n<p><strong>Compromisos y obligaciones de los usuarios<\/strong><\/p>\n<p>El usuario queda informado, y acepta, que el acceso a la presente web no supone, en modo alguno, el inicio de una relaci\u00f3n comercial con https:\/\/imr-servicios.com\/. De esta forma, el usuario se compromete a utilizar el sitio web, sus servicios y contenidos sin contravenir la legislaci\u00f3n vigente, la buena fe y el orden p\u00fablico.<\/p>\n<p>Queda prohibido el uso de la web, con fines il\u00edcitos o lesivos, o que, de cualquier forma, puedan causar perjuicio o impedir el normal funcionamiento del sitio web. Respecto de los contenidos de esta web, se proh\u00edbe:<\/p>\n<ul>\n<li>Su reproducci\u00f3n, distribuci\u00f3n o modificaci\u00f3n, total o parcial, a menos que se cuente con mi autorizaci\u00f3n como leg\u00edtimo titular.<\/li>\n<li>Cualquier vulneraci\u00f3n de los derechos del prestador o de mi como leg\u00edtimo titular;<\/li>\n<li>Su utilizaci\u00f3n para fines comerciales o publicitarios.<\/li>\n<\/ul>\n<p>En la utilizaci\u00f3n de la web, https:\/\/imr-servicios.com\/ el usuario se compromete a no llevar a cabo <b>ninguna conducta<\/b> que pudiera da\u00f1ar la imagen, los intereses y los derechos de https:\/\/imr-servicios.com\/ o de terceros o que pudiera da\u00f1ar, inutilizar o sobrecargar el portal https:\/\/imr-servicios.com\/ o que impidiera, de cualquier forma, la normal utilizaci\u00f3n de la web.<\/p>\n<p>No obstante, el usuario debe ser consciente de que las medidas de seguridad de los sistemas inform\u00e1ticos en Internet no son enteramente fiables y que, por tanto https:\/\/imr-servicios.com\/ no puede garantizar la inexistencia de malware u otros elementos que puedan producir alteraciones en los sistemas inform\u00e1ticos (software y hardware) del usuario o en sus documentos electr\u00f3nicos y ficheros contenidos en los mismos aunque pongo todos los medios necesarios y las medidas de seguridad oportunas para evitar la presencia de estos elementos da\u00f1inos.<\/p>\n<p><strong>Anuncios patrocinados, enlaces de colaboradores y publicidad<\/strong><\/p>\n<p>Esta web ofrece a los usuarios enlaces de afiliados.<\/p>\n<p>Entre los enlaces facilitados, existe la posibilidad de informar y de referenciar productos y\/o servicios y\/o infoproductos. En estos \u00faltimos casos, esa solicitud ser\u00e1 remitida a terceros, como son:<\/p>\n<ul>\n<li>Amazon.<\/li>\n<\/ul>\n<p>La informaci\u00f3n que aparezcan en estos enlaces de afiliados,<span class=\"Apple-converted-space\">\u00a0\u00a0<\/span>son facilitados por los propios anunciantes, por lo que Xx_MADINDIO_xX no se hace responsable de posibles inexactitudes o errores que pudieran contener los anuncios, ni garantiza en modo alguno la experiencia, integridad o responsabilidad de los anunciantes o la calidad de sus productos.<\/p>\n<p>Cualquier relaci\u00f3n contractual o extracontractual que el usuario formalice con los afiliados o terceras personas contactadas a trav\u00e9s de este portal se entienden realizados \u00fanica y exclusivamente entre el usuario y el anunciante y\/o tercera persona. El usuario sabe y acepta que https:\/\/imr-servicios.com\/ \u00fanicamente act\u00faa como cauce o medio publicitario y que por tanto no tiene ning\u00fan tipo de responsabilidad sobre los da\u00f1os o perjuicios de cualquier naturaleza ocasionados con motivo de sus negociaciones, conversaciones y\/o relaciones contractuales o extracontractuales con los anunciantes o terceras personas f\u00edsicas o jur\u00eddicas contactadas a trav\u00e9s de este portal.<\/p>\n<p><strong>Medidas de seguridad<\/strong><\/p>\n<p>Los datos personales comunicados por el usuario a https:\/\/imr-servicios.com\/ pueden ser almacenados en bases de datos automatizadas o no, cuya titularidad corresponde en exclusiva a Xx_MADINDIO_xX, asumiendo \u00e9sta todas las medidas de \u00edndole t\u00e9cnica, organizativa y de seguridad que garantizan la confidencialidad, integridad y calidad de la informaci\u00f3n contenida en las mismas de acuerdo con lo establecido en la normativa vigente en protecci\u00f3n de datos. La comunicaci\u00f3n entre los usuarios y https:\/\/imr-servicios.com\/ utiliza un canal seguro, y los datos transmitidos son cifrados gracias a protocolos a https, por tanto, garantizo las mejores condiciones de seguridad para que la confidencialidad de los usuarios est\u00e9 garantizada.<\/p>\n<p><strong>Derechos de propiedad intelectual e industrial<\/strong><\/p>\n<p>En virtud de lo dispuesto en los art\u00edculos 8 y 32.1, p\u00e1rrafo segundo, de la Ley de Propiedad Intelectual, quedan expresamente prohibidas la reproducci\u00f3n, la distribuci\u00f3n y la comunicaci\u00f3n p\u00fablica, incluida su modalidad de puesta a disposici\u00f3n, de la totalidad o parte de los contenidos de esta p\u00e1gina web, con fines comerciales, en cualquier soporte y por cualquier medio t\u00e9cnico, sin la autorizaci\u00f3n de https:\/\/imr-servicios.com\/. El usuario se compromete a respetar los derechos de Propiedad Intelectual e Industrial titularidad de https:\/\/imr-servicios.com\/.<\/p>\n<p>El usuario conoce y acepta que la totalidad del sitio web, conteniendo sin car\u00e1cter exhaustivo el texto, software, contenidos (incluyendo estructura, selecci\u00f3n, ordenaci\u00f3n y presentaci\u00f3n de los mismos) podcast, fotograf\u00edas, material audiovisual y gr\u00e1ficos, est\u00e1 protegida por marcas, derechos de autor y otros derechos leg\u00edtimos, de acuerdo con los tratados internacionales en los que Espa\u00f1a es parte y otros derechos de propiedad y leyes de Espa\u00f1a.<\/p>\n<p>En el caso de que un usuario o un tercero consideren que se ha producido una violaci\u00f3n de sus leg\u00edtimos derechos de propiedad intelectual por la introducci\u00f3n de un determinado contenido en la web, deber\u00e1 notificar dicha circunstancia a https:\/\/imr-servicios.com\/ indicando:<\/p>\n<ul>\n<li>Datos personales del interesado titular de los derechos presuntamente infringidos, o indicar la representaci\u00f3n con la que act\u00faa en caso de que la reclamaci\u00f3n la presente un tercero distinto del interesado.<\/li>\n<li>Se\u00f1alar los contenidos protegidos por los derechos de propiedad intelectual y su ubicaci\u00f3n en la web, la acreditaci\u00f3n de los derechos de propiedad intelectual se\u00f1alados y declaraci\u00f3n expresa en la que el interesado se responsabiliza de la veracidad de las informaciones facilitadas en la notificaci\u00f3n.<\/li>\n<\/ul>\n<p><strong>Enlaces externos<\/strong><\/p>\n<p>Las p\u00e1ginas de la web https:\/\/imr-servicios.com\/ proporciona enlaces a otros sitios web propios y contenidos que son propiedad de terceros tales como:<\/p>\n<ul>\n<li>Herramientas<\/li>\n<li>Recursos<\/li>\n<li>Contenido de otros blogs o webs<\/li>\n<li>Enlaces de afiliados<\/li>\n<\/ul>\n<p><strong>Exclusi\u00f3n de garant\u00edas y responsabilidad<\/strong><\/p>\n<p><b>Xx_MADINDIO_xX (https:\/\/imr-servicios.com\/) no otorga ninguna garant\u00eda ni se hace responsable, en ning\u00fan caso, de los da\u00f1os y perjuicios de cualquier naturaleza que pudieran traer causa de:<\/b><\/p>\n<ul>\n<li>La falta de disponibilidad, mantenimiento y efectivo funcionamiento de la web, o de sus servicios y contenidos;<\/li>\n<li>La existencia de malware, programas maliciosos o lesivos en los contenidos;<\/li>\n<li>El uso il\u00edcito, negligente, fraudulento o contrario a este Aviso Legal;<\/li>\n<li>La falta de licitud, calidad, fiabilidad, utilidad y disponibilidad de los servicios prestados por terceros y puestos a disposici\u00f3n de los usuarios en el sitio web.<\/li>\n<li>El prestador no se hace responsable bajo ning\u00fan concepto de los da\u00f1os que pudieran dimanar del uso ilegal o indebido de la presente p\u00e1gina web.<\/li>\n<\/ul>\n<p><strong>Ley aplicable y jurisdicci\u00f3n<\/strong><\/p>\n<p>Con car\u00e1cter general las relaciones entre https:\/\/imr-servicios.com\/ con los usuarios de sus servicios telem\u00e1ticos, presentes en esta web se encuentran sometidas a la legislaci\u00f3n y jurisdicci\u00f3n espa\u00f1olas.<\/p>\n<p><strong>Contacto<\/strong><\/p>\n<p>En caso de que cualquier usuario tuviese alguna duda acerca de estas Condiciones legales o cualquier comentario sobre el portal https:\/\/imr-servicios.com\/, por favor dir\u00edjase a info@imr-servicios.com<\/p>\n","protected":false},"excerpt":{"rendered":"<p>Aviso legal y condiciones de uso Si has llegado a este apartado de nuestra web es porque sin duda te interesa saber m\u00e1s sobre la relaci\u00f3n que podemos tener en este espacio. Es decir, conocer los datos de mi actividad, la finalidad de la web, que informaci\u00f3n de la web utilizo y que hago con [&hellip;]<\/p>\n","protected":false},"author":1,"featured_media":0,"parent":0,"menu_order":0,"comment_status":"closed","ping_status":"closed","template":"","meta":{"footnotes":""},"class_list":["post-15","page","type-page","status-publish","hentry"],"blocksy_meta":[],"yoast_head":"<!-- This site is optimized with the Yoast SEO plugin v27.1.1 - https:\/\/yoast.com\/product\/yoast-seo-wordpress\/ -->\n<title>Aviso legal | UruService<\/title>\n<meta name=\"description\" content=\"Consulte nuestro Aviso Legal para conocer los detalles sobre t\u00e9rminos, condiciones y pol\u00edticas de nuestra web.\" \/>\n<meta name=\"robots\" content=\"noindex, follow\" \/>\n<meta property=\"og:locale\" content=\"es_ES\" \/>\n<meta property=\"og:type\" content=\"article\" \/>\n<meta property=\"og:title\" content=\"Aviso legal | UruService\" \/>\n<meta property=\"og:description\" content=\"Consulte nuestro Aviso Legal para conocer los detalles sobre t\u00e9rminos, condiciones y pol\u00edticas de nuestra web.\" \/>\n<meta property=\"og:url\" content=\"https:\/\/www.uruservice.com\/pa\/aviso-legal\/\" \/>\n<meta property=\"og:site_name\" content=\"Panam\u00e1\" \/>\n<meta property=\"article:modified_time\" content=\"2025-07-29T22:24:20+00:00\" \/>\n<meta name=\"twitter:card\" content=\"summary_large_image\" \/>\n<meta name=\"twitter:label1\" content=\"Tiempo de lectura\" \/>\n\t<meta name=\"twitter:data1\" content=\"7 minutos\" \/>\n<script type=\"application\/ld+json\" class=\"yoast-schema-graph\">{\"@context\":\"https:\/\/schema.org\",\"@graph\":[{\"@type\":\"WebPage\",\"@id\":\"https:\/\/www.uruservice.com\/pa\/aviso-legal\/\",\"url\":\"https:\/\/www.uruservice.com\/pa\/aviso-legal\/\",\"name\":\"Aviso legal | UruService\",\"isPartOf\":{\"@id\":\"https:\/\/www.uruservice.com\/pa\/#website\"},\"datePublished\":\"2025-07-29T22:16:30+00:00\",\"dateModified\":\"2025-07-29T22:24:20+00:00\",\"description\":\"Consulte nuestro Aviso Legal para conocer los detalles sobre t\u00e9rminos, condiciones y pol\u00edticas de nuestra web.\",\"breadcrumb\":{\"@id\":\"https:\/\/www.uruservice.com\/pa\/aviso-legal\/#breadcrumb\"},\"inLanguage\":\"es\",\"potentialAction\":[{\"@type\":\"ReadAction\",\"target\":[\"https:\/\/www.uruservice.com\/pa\/aviso-legal\/\"]}]},{\"@type\":\"BreadcrumbList\",\"@id\":\"https:\/\/www.uruservice.com\/pa\/aviso-legal\/#breadcrumb\",\"itemListElement\":[{\"@type\":\"ListItem\",\"position\":1,\"name\":\"Portada\",\"item\":\"https:\/\/www.uruservice.com\/pa\/\"},{\"@type\":\"ListItem\",\"position\":2,\"name\":\"Aviso legal\"}]},{\"@type\":\"WebSite\",\"@id\":\"https:\/\/www.uruservice.com\/pa\/#website\",\"url\":\"https:\/\/www.uruservice.com\/pa\/\",\"name\":\"Panam\u00e1\",\"description\":\"\",\"publisher\":{\"@id\":\"https:\/\/www.uruservice.com\/pa\/#\/schema\/person\/31d96ea0e6c72ae23ec4f725e949fdab\"},\"potentialAction\":[{\"@type\":\"SearchAction\",\"target\":{\"@type\":\"EntryPoint\",\"urlTemplate\":\"https:\/\/www.uruservice.com\/pa\/?s={search_term_string}\"},\"query-input\":{\"@type\":\"PropertyValueSpecification\",\"valueRequired\":true,\"valueName\":\"search_term_string\"}}],\"inLanguage\":\"es\"},{\"@type\":[\"Person\",\"Organization\"],\"@id\":\"https:\/\/www.uruservice.com\/pa\/#\/schema\/person\/31d96ea0e6c72ae23ec4f725e949fdab\",\"name\":\"madindio\",\"image\":{\"@type\":\"ImageObject\",\"inLanguage\":\"es\",\"@id\":\"https:\/\/www.uruservice.com\/pa\/#\/schema\/person\/image\/\",\"url\":\"https:\/\/www.uruservice.com\/pa\/wp-content\/uploads\/sites\/47\/2025\/07\/UruService_LOGO.webp\",\"contentUrl\":\"https:\/\/www.uruservice.com\/pa\/wp-content\/uploads\/sites\/47\/2025\/07\/UruService_LOGO.webp\",\"width\":768,\"height\":203,\"caption\":\"madindio\"},\"logo\":{\"@id\":\"https:\/\/www.uruservice.com\/pa\/#\/schema\/person\/image\/\"},\"sameAs\":[\"https:\/\/www.uruservice.com\"]}]}<\/script>\n<!-- \/ Yoast SEO plugin. -->","yoast_head_json":{"title":"Aviso legal | UruService","description":"Consulte nuestro Aviso Legal para conocer los detalles sobre t\u00e9rminos, condiciones y pol\u00edticas de nuestra web.","robots":{"index":"noindex","follow":"follow"},"og_locale":"es_ES","og_type":"article","og_title":"Aviso legal | UruService","og_description":"Consulte nuestro Aviso Legal para conocer los detalles sobre t\u00e9rminos, condiciones y pol\u00edticas de nuestra web.","og_url":"https:\/\/www.uruservice.com\/pa\/aviso-legal\/","og_site_name":"Panam\u00e1","article_modified_time":"2025-07-29T22:24:20+00:00","twitter_card":"summary_large_image","twitter_misc":{"Tiempo de lectura":"7 minutos"},"schema":{"@context":"https:\/\/schema.org","@graph":[{"@type":"WebPage","@id":"https:\/\/www.uruservice.com\/pa\/aviso-legal\/","url":"https:\/\/www.uruservice.com\/pa\/aviso-legal\/","name":"Aviso legal | UruService","isPartOf":{"@id":"https:\/\/www.uruservice.com\/pa\/#website"},"datePublished":"2025-07-29T22:16:30+00:00","dateModified":"2025-07-29T22:24:20+00:00","description":"Consulte nuestro Aviso Legal para conocer los detalles sobre t\u00e9rminos, condiciones y pol\u00edticas de nuestra web.","breadcrumb":{"@id":"https:\/\/www.uruservice.com\/pa\/aviso-legal\/#breadcrumb"},"inLanguage":"es","potentialAction":[{"@type":"ReadAction","target":["https:\/\/www.uruservice.com\/pa\/aviso-legal\/"]}]},{"@type":"BreadcrumbList","@id":"https:\/\/www.uruservice.com\/pa\/aviso-legal\/#breadcrumb","itemListElement":[{"@type":"ListItem","position":1,"name":"Portada","item":"https:\/\/www.uruservice.com\/pa\/"},{"@type":"ListItem","position":2,"name":"Aviso legal"}]},{"@type":"WebSite","@id":"https:\/\/www.uruservice.com\/pa\/#website","url":"https:\/\/www.uruservice.com\/pa\/","name":"Panam\u00e1","description":"","publisher":{"@id":"https:\/\/www.uruservice.com\/pa\/#\/schema\/person\/31d96ea0e6c72ae23ec4f725e949fdab"},"potentialAction":[{"@type":"SearchAction","target":{"@type":"EntryPoint","urlTemplate":"https:\/\/www.uruservice.com\/pa\/?s={search_term_string}"},"query-input":{"@type":"PropertyValueSpecification","valueRequired":true,"valueName":"search_term_string"}}],"inLanguage":"es"},{"@type":["Person","Organization"],"@id":"https:\/\/www.uruservice.com\/pa\/#\/schema\/person\/31d96ea0e6c72ae23ec4f725e949fdab","name":"madindio","image":{"@type":"ImageObject","inLanguage":"es","@id":"https:\/\/www.uruservice.com\/pa\/#\/schema\/person\/image\/","url":"https:\/\/www.uruservice.com\/pa\/wp-content\/uploads\/sites\/47\/2025\/07\/UruService_LOGO.webp","contentUrl":"https:\/\/www.uruservice.com\/pa\/wp-content\/uploads\/sites\/47\/2025\/07\/UruService_LOGO.webp","width":768,"height":203,"caption":"madindio"},"logo":{"@id":"https:\/\/www.uruservice.com\/pa\/#\/schema\/person\/image\/"},"sameAs":["https:\/\/www.uruservice.com"]}]}},"_links":{"self":[{"href":"https:\/\/www.uruservice.com\/pa\/wp-json\/wp\/v2\/pages\/15","targetHints":{"allow":["GET"]}}],"collection":[{"href":"https:\/\/www.uruservice.com\/pa\/wp-json\/wp\/v2\/pages"}],"about":[{"href":"https:\/\/www.uruservice.com\/pa\/wp-json\/wp\/v2\/types\/page"}],"author":[{"embeddable":true,"href":"https:\/\/www.uruservice.com\/pa\/wp-json\/wp\/v2\/users\/1"}],"replies":[{"embeddable":true,"href":"https:\/\/www.uruservice.com\/pa\/wp-json\/wp\/v2\/comments?post=15"}],"version-history":[{"count":1,"href":"https:\/\/www.uruservice.com\/pa\/wp-json\/wp\/v2\/pages\/15\/revisions"}],"predecessor-version":[{"id":21,"href":"https:\/\/www.uruservice.com\/pa\/wp-json\/wp\/v2\/pages\/15\/revisions\/21"}],"wp:attachment":[{"href":"https:\/\/www.uruservice.com\/pa\/wp-json\/wp\/v2\/media?parent=15"}],"curies":[{"name":"wp","href":"https:\/\/api.w.org\/{rel}","templated":true}]}}